{"id":2,"date":"2022-03-11T22:27:25","date_gmt":"2022-03-11T21:27:25","guid":{"rendered":"http:\/\/www.gimp-libreoffice.fr\/?page_id=2"},"modified":"2023-10-21T11:23:25","modified_gmt":"2023-10-21T09:23:25","slug":"soutiens","status":"publish","type":"page","link":"https:\/\/www.gimp-libreoffice.fr\/index.php\/soutiens\/","title":{"rendered":"Soutiens"},"content":{"rendered":"\n<p class=\"has-medium-font-size\">Voici quelques possibilit\u00e9s pour me soutenir dans mes projets. Elles sont toutes gratuites.<\/p>\n\n\n\n<h1 class=\"wp-block-heading\">1. <span style=\"text-decoration: underline;\">parrainage<\/span><\/h1>\n\n\n\n<h2 class=\"wp-block-heading ecart\">igraal<\/h2>\n\n\n\n<p class=\"ecart has-medium-font-size\">Client satisfait depuis 2018<br>Le cashback iGraal vous permet de recevoir de l&rsquo;argent d\u00e8s que vous r\u00e9alisez un achat sur l&rsquo;une des enseignes partenaires d&rsquo;iGraal.<br>Vous obtenez <strong>3\u20ac<\/strong> d\u00e8s que l&rsquo;inscription est confirm\u00e9e en tant que filleul.<\/p>\n\n\n\n<p class=\"ecart\"><a href=\"https:\/\/fr.igraal.com\/?parrain=AG_59f9a8ba7e540\">https:\/\/fr.igraal.com\/?parrain=AG_59f9a8ba7e540<\/a><\/p>\n\n\n\n<h2 class=\"wp-block-heading ecart\">Boursorama banque<\/h2>\n\n\n\n<p class=\"ecart has-medium-font-size\">Client satisfait depuis 2016<br>D\u00e8s confirmation de l&rsquo;ouverture d&rsquo;un compte bancaire avec une carte bancaire le parrain et le filleul b\u00e9n\u00e9ficient de <strong>80\u20ac<\/strong><br>Voici le lien \u00e0 utiliser mon code parrain <strong>MIPI8619 <\/strong>lors de la souscription sur Boursorama<\/p>\n\n\n\n<p class=\"ecart\"><a href=\"https:\/\/www.boursorama.com\/\">https:\/\/www.boursorama.com\/<\/a><\/p>\n\n\n\n<h2 class=\"wp-block-heading ecart\">Gens de confiance<\/h2>\n\n\n\n<p class=\"ecart has-medium-font-size\">Pas de gain : j&rsquo;ai besoin d&rsquo;\u00eatre parrain\u00e9. Il me manque 1 parrainage de confiance.<\/p>\n\n\n\n<p class=\"ecart has-medium-font-size\">Si vous me fa\u00eetes confiance, recommandez-moi, je suis \u00ab\u00a0Miguel Pineau\u00a0\u00bb de Melun<\/p>\n\n\n\n<p class=\"ecart\"><a href=\"https:\/\/gensdeconfiance.com\/fr\">https:\/\/gensdeconfiance.com\/fr<\/a><\/p>\n\n\n\n<h2 class=\"wp-block-heading ecart\">Totalenergies : \u00e9lectricit\u00e9 et gaz<\/h2>\n\n\n\n<p class=\"ecart has-medium-font-size\">Don d&rsquo;une prime exceptionnelle de 20\u20ac pour moi et pour vous sur votre premi\u00e8re facture<br>Reprenez le code <strong>110724876<\/strong><\/p>\n\n\n\n<p class=\"ecart has-medium-font-size\"><a href=\"https:\/\/www.totalenergies.fr\/\">https:\/\/www.totalenergies.fr\/<\/a><\/p>\n\n\n\n<hr class=\"wp-block-separator has-css-opacity\"\/>\n\n\n\n<h1 class=\"wp-block-heading\">2. <span style=\"text-decoration: underline;\">partagez mes contenus<\/span><\/h1>\n\n\n\n<h2 class=\"wp-block-heading ecart\">Ma cha\u00eene Youtube<\/h2>\n\n\n\n<p class=\"ecart has-medium-font-size\">Ma chaine Youtube Miguel Pineau propose des tutos sur GIMP et LibreOffice<\/p>\n\n\n\n<p class=\"ecart\"><a href=\"https:\/\/www.youtube.com\/c\/MiguelPineau\">https:\/\/www.youtube.com\/c\/MiguelPineau<\/a><\/p>\n\n\n\n<h2 class=\"wp-block-heading ecart\">Mon groupe facebook<\/h2>\n\n\n\n<p class=\"ecart has-medium-font-size\">Le groupe Facebook \u00ab\u00a0Entraide GIMP et LibreOffice\u00a0\u00bb me permet de vous aider \u00e0 distance \u00e0 l&rsquo;aide de captures \u00e9cran, de vid\u00e9o ou de visio avec partage \u00e9cran.<\/p>\n\n\n\n<p class=\"ecart\"><a href=\"https:\/\/www.facebook.com\/groups\/1669824299814608\">https:\/\/www.facebook.com\/groups\/1669824299814608<\/a><\/p>\n\n\n\n<h2 class=\"wp-block-heading ecart\">Ma page Facebook Mipi<\/h2>\n\n\n\n<p class=\"ecart has-medium-font-size\">C&rsquo;est la zone de publication de mes r\u00e9alisations sur Facebook<\/p>\n\n\n\n<p class=\"ecart\"><a href=\"https:\/\/www.facebook.com\/entraideGIMPLibreOffice\">https:\/\/www.facebook.com\/entraideGIMPLibreOffice<\/a><\/p>\n\n\n\n<h2 class=\"wp-block-heading ecart\">Mon compte Instagram<\/h2>\n\n\n\n<p class=\"ecart has-medium-font-size\">C&rsquo;est la zone de publication de mes r\u00e9alisations sur Instagram<\/p>\n\n\n\n<p class=\"ecart\"><a href=\"https:\/\/www.instagram.com\/miguel.pineau\/\">https:\/\/www.instagram.com\/miguel.pineau\/<\/a><\/p>\n\n\n\n<h2 class=\"wp-block-heading ecart\">Mon site internet <\/h2>\n\n\n\n<p class=\"ecart has-medium-font-size\">Proposition de parcours vid\u00e9o pour les d\u00e9butants<\/p>\n\n\n\n<p class=\"ecart\"><a href=\"http:\/\/www.gimp-libreoffice.fr\/\">http:\/\/www.gimp-libreoffice.fr\/<\/a><\/p>\n\n\n\n<h2 class=\"wp-block-heading ecart\">discord<\/h2>\n\n\n\n<p class=\"ecart\">Retrouvez moi sur le serveur discord de Georges Tsukaimah<\/p>\n\n\n\n<p class=\"ecart\"><a href=\"https:\/\/discord.gg\/K67dVdUZtb\">https:\/\/discord.gg\/K67dVdUZtb<\/a><\/p>\n","protected":false},"excerpt":{"rendered":"<div class=\"slide-text-bg2\">\n<h3>Voici quelques possibilit\u00e9s pour me soutenir dans mes projets. Elles sont toutes gratuites. 1. parrainage igraal Client satisfait depuis 2018Le<\/h3>\n<\/div>\n<div class=\"flex-btn-div\"><a href=\"https:\/\/www.gimp-libreoffice.fr\/index.php\/soutiens\/\" class=\"btn1 flex-btn\">Lire la suite<\/a><\/div>\n","protected":false},"author":1,"featured_media":0,"parent":0,"menu_order":0,"comment_status":"closed","ping_status":"closed","template":"","meta":{"footnotes":""},"class_list":["post-2","page","type-page","status-publish","hentry"],"_links":{"self":[{"href":"https:\/\/www.gimp-libreoffice.fr\/index.php\/wp-json\/wp\/v2\/pages\/2","targetHints":{"allow":["GET"]}}],"collection":[{"href":"https:\/\/www.gimp-libreoffice.fr\/index.php\/wp-json\/wp\/v2\/pages"}],"about":[{"href":"https:\/\/www.gimp-libreoffice.fr\/index.php\/wp-json\/wp\/v2\/types\/page"}],"author":[{"embeddable":true,"href":"https:\/\/www.gimp-libreoffice.fr\/index.php\/wp-json\/wp\/v2\/users\/1"}],"replies":[{"embeddable":true,"href":"https:\/\/www.gimp-libreoffice.fr\/index.php\/wp-json\/wp\/v2\/comments?post=2"}],"version-history":[{"count":37,"href":"https:\/\/www.gimp-libreoffice.fr\/index.php\/wp-json\/wp\/v2\/pages\/2\/revisions"}],"predecessor-version":[{"id":900,"href":"https:\/\/www.gimp-libreoffice.fr\/index.php\/wp-json\/wp\/v2\/pages\/2\/revisions\/900"}],"wp:attachment":[{"href":"https:\/\/www.gimp-libreoffice.fr\/index.php\/wp-json\/wp\/v2\/media?parent=2"}],"curies":[{"name":"wp","href":"https:\/\/api.w.org\/{rel}","templated":true}]}}