{"id":445,"date":"2022-04-26T21:32:00","date_gmt":"2022-04-26T19:32:00","guid":{"rendered":"http:\/\/www.gimp-libreoffice.fr\/?page_id=445"},"modified":"2022-04-29T09:49:31","modified_gmt":"2022-04-29T07:49:31","slug":"faq","status":"publish","type":"page","link":"https:\/\/www.gimp-libreoffice.fr\/index.php\/faq\/","title":{"rendered":"FAQ"},"content":{"rendered":"\n<h2 class=\"wp-block-heading\">probl\u00e8mes sp\u00e9cifiques r\u00e9currentes et r\u00e9ponses en vid\u00e9o<\/h2>\n\n\n\n<ol class=\"wp-block-list\" style=\"font-size:22px\"><li><span style=\"text-decoration: underline;\">changer la langue de l&rsquo;interface de Fran\u00e7ais en anglais puis de Anglais en Fran\u00e7ais<\/span><\/li><\/ol>\n\n\n\n<figure class=\"wp-block-embed is-type-video is-provider-youtube wp-block-embed-youtube wp-embed-aspect-16-9 wp-has-aspect-ratio\"><div class=\"wp-block-embed__wrapper\">\n<iframe loading=\"lazy\" title=\"GIMP : 3 m\u00e9thodes pour changer de langue pour l&#039;interface \u00e0 tester\" width=\"600\" height=\"338\" src=\"https:\/\/www.youtube.com\/embed\/DmUtiqmFlMI?feature=oembed\" frameborder=\"0\" allow=\"accelerometer; autoplay; clipboard-write; encrypted-media; gyroscope; picture-in-picture; web-share\" referrerpolicy=\"strict-origin-when-cross-origin\" allowfullscreen><\/iframe>\n<\/div><\/figure>\n","protected":false},"excerpt":{"rendered":"<div class=\"slide-text-bg2\">\n<h3>probl\u00e8mes sp\u00e9cifiques r\u00e9currentes et r\u00e9ponses en vid\u00e9o changer la langue de l&rsquo;interface de Fran\u00e7ais en anglais puis de Anglais en<\/h3>\n<\/div>\n<div class=\"flex-btn-div\"><a href=\"https:\/\/www.gimp-libreoffice.fr\/index.php\/faq\/\" class=\"btn1 flex-btn\">Lire la suite<\/a><\/div>\n","protected":false},"author":1,"featured_media":0,"parent":0,"menu_order":0,"comment_status":"closed","ping_status":"closed","template":"","meta":{"footnotes":""},"class_list":["post-445","page","type-page","status-publish","hentry"],"_links":{"self":[{"href":"https:\/\/www.gimp-libreoffice.fr\/index.php\/wp-json\/wp\/v2\/pages\/445","targetHints":{"allow":["GET"]}}],"collection":[{"href":"https:\/\/www.gimp-libreoffice.fr\/index.php\/wp-json\/wp\/v2\/pages"}],"about":[{"href":"https:\/\/www.gimp-libreoffice.fr\/index.php\/wp-json\/wp\/v2\/types\/page"}],"author":[{"embeddable":true,"href":"https:\/\/www.gimp-libreoffice.fr\/index.php\/wp-json\/wp\/v2\/users\/1"}],"replies":[{"embeddable":true,"href":"https:\/\/www.gimp-libreoffice.fr\/index.php\/wp-json\/wp\/v2\/comments?post=445"}],"version-history":[{"count":6,"href":"https:\/\/www.gimp-libreoffice.fr\/index.php\/wp-json\/wp\/v2\/pages\/445\/revisions"}],"predecessor-version":[{"id":454,"href":"https:\/\/www.gimp-libreoffice.fr\/index.php\/wp-json\/wp\/v2\/pages\/445\/revisions\/454"}],"wp:attachment":[{"href":"https:\/\/www.gimp-libreoffice.fr\/index.php\/wp-json\/wp\/v2\/media?parent=445"}],"curies":[{"name":"wp","href":"https:\/\/api.w.org\/{rel}","templated":true}]}}